{"id":23,"date":"2025-05-06T18:23:00","date_gmt":"2025-05-06T16:23:00","guid":{"rendered":"https:\/\/jqsolutions.fr\/?page_id=23"},"modified":"2025-10-27T10:19:23","modified_gmt":"2025-10-27T09:19:23","slug":"pourquoi-nous-choisir","status":"publish","type":"page","link":"https:\/\/www.jqsolutions.fr\/index.php\/pourquoi-nous-choisir\/","title":{"rendered":"Pourquoi nous choisir"},"content":{"rendered":"\n<p>JqSolutions vous offre une solution de gestion de parc informatique, t\u00e9l\u00e9phonique et serveur sur mesure. \u00c0 l&rsquo;\u00e9coute de vos demandes, vos projets et r\u00e9alisations, nous vous proposerons la solution \u00e0 vos attentes. <\/p>\n\n\n\n<p>Nos valeurs sont :<\/p>\n\n\n\n<ul class=\"wp-block-list\">\n<li>Rigueur<\/li>\n\n\n\n<li>\u00c9coute<\/li>\n\n\n\n<li>Engagement <\/li>\n\n\n\n<li>Satisfaction du client<\/li>\n<\/ul>\n\n\n\n<p>JqSolutions est une entreprise \u00e0 taille humaine, nous proposons un support technique r\u00e9actif et personnalis\u00e9. <\/p>\n\n\n\n<figure class=\"wp-block-image size-large\"><img loading=\"lazy\" decoding=\"async\" width=\"1024\" height=\"826\" src=\"https:\/\/www.jqsolutions.fr\/wp-content\/uploads\/2025\/10\/computer-2851285_1280-1024x826.png\" alt=\"\" class=\"wp-image-70\" srcset=\"https:\/\/www.jqsolutions.fr\/wp-content\/uploads\/2025\/10\/computer-2851285_1280-1024x826.png 1024w, https:\/\/www.jqsolutions.fr\/wp-content\/uploads\/2025\/10\/computer-2851285_1280-300x242.png 300w, https:\/\/www.jqsolutions.fr\/wp-content\/uploads\/2025\/10\/computer-2851285_1280-768x620.png 768w, https:\/\/www.jqsolutions.fr\/wp-content\/uploads\/2025\/10\/computer-2851285_1280.png 1280w\" sizes=\"auto, (max-width: 1024px) 100vw, 1024px\" \/><\/figure>\n","protected":false},"excerpt":{"rendered":"<p>JqSolutions vous offre une solution de gestion de parc informatique, t\u00e9l\u00e9phonique et serveur sur mesure. \u00c0 l&rsquo;\u00e9coute de vos demandes, vos projets et r\u00e9alisations, nous vous proposerons la solution \u00e0 vos attentes. Nos valeurs sont : JqSolutions est une entreprise \u00e0 taille humaine, nous proposons un support technique r\u00e9actif et personnalis\u00e9.<\/p>\n","protected":false},"author":1,"featured_media":0,"parent":0,"menu_order":0,"comment_status":"closed","ping_status":"closed","template":"","meta":{"footnotes":""},"class_list":["post-23","page","type-page","status-publish","hentry"],"_links":{"self":[{"href":"https:\/\/www.jqsolutions.fr\/index.php\/wp-json\/wp\/v2\/pages\/23","targetHints":{"allow":["GET"]}}],"collection":[{"href":"https:\/\/www.jqsolutions.fr\/index.php\/wp-json\/wp\/v2\/pages"}],"about":[{"href":"https:\/\/www.jqsolutions.fr\/index.php\/wp-json\/wp\/v2\/types\/page"}],"author":[{"embeddable":true,"href":"https:\/\/www.jqsolutions.fr\/index.php\/wp-json\/wp\/v2\/users\/1"}],"replies":[{"embeddable":true,"href":"https:\/\/www.jqsolutions.fr\/index.php\/wp-json\/wp\/v2\/comments?post=23"}],"version-history":[{"count":4,"href":"https:\/\/www.jqsolutions.fr\/index.php\/wp-json\/wp\/v2\/pages\/23\/revisions"}],"predecessor-version":[{"id":71,"href":"https:\/\/www.jqsolutions.fr\/index.php\/wp-json\/wp\/v2\/pages\/23\/revisions\/71"}],"wp:attachment":[{"href":"https:\/\/www.jqsolutions.fr\/index.php\/wp-json\/wp\/v2\/media?parent=23"}],"curies":[{"name":"wp","href":"https:\/\/api.w.org\/{rel}","templated":true}]}}