{"id":19,"date":"2025-05-06T18:22:03","date_gmt":"2025-05-06T16:22:03","guid":{"rendered":"https:\/\/jqsolutions.fr\/?page_id=19"},"modified":"2025-10-27T10:16:42","modified_gmt":"2025-10-27T09:16:42","slug":"nos-services","status":"publish","type":"page","link":"https:\/\/www.jqsolutions.fr\/index.php\/nos-services\/","title":{"rendered":"Nos services"},"content":{"rendered":"\n<p><strong>Conseil et Audit Informatique<\/strong><\/p>\n\n\n\n<p>Nous analysons votre infrastructure existante et vous conseillons sur les meilleures solutions adapt\u00e9es \u00e0 votre entreprise pour une optimisation de vos outils informatiques. <\/p>\n\n\n\n<figure class=\"wp-block-image size-large\"><img loading=\"lazy\" decoding=\"async\" width=\"1024\" height=\"682\" src=\"https:\/\/www.jqsolutions.fr\/wp-content\/uploads\/2025\/10\/technology-785742_1280-1024x682.jpg\" alt=\"\" class=\"wp-image-67\" srcset=\"https:\/\/www.jqsolutions.fr\/wp-content\/uploads\/2025\/10\/technology-785742_1280-1024x682.jpg 1024w, https:\/\/www.jqsolutions.fr\/wp-content\/uploads\/2025\/10\/technology-785742_1280-300x200.jpg 300w, https:\/\/www.jqsolutions.fr\/wp-content\/uploads\/2025\/10\/technology-785742_1280-768x512.jpg 768w, https:\/\/www.jqsolutions.fr\/wp-content\/uploads\/2025\/10\/technology-785742_1280.jpg 1280w\" sizes=\"auto, (max-width: 1024px) 100vw, 1024px\" \/><\/figure>\n\n\n\n<p><strong>Gestion de parc informatique<\/strong><\/p>\n\n\n\n<p>Nous offrons une gestion de parc informatique en temps r\u00e9el, \u00e0 l&rsquo;\u00e9coute de vos demandes et attentes. <\/p>\n\n\n\n<ul class=\"wp-block-list\">\n<li>Installation, maintenance et mise en place de postes. <\/li>\n\n\n\n<li>Installation et mises en place de serveur. <\/li>\n\n\n\n<li>Installation et gestion d\u2019imprimante r\u00e9seau.&nbsp;<\/li>\n\n\n\n<li>R\u00e9solution de probl\u00e8mes bureautiques.<\/li>\n\n\n\n<li>Suivi des licences logiciels. <\/li>\n<\/ul>\n\n\n\n<p><strong>Sauvegarde<\/strong><\/p>\n\n\n\n<p>Casse mat\u00e9riel ou plantage, sauvegarder vos donn\u00e9es et les restaurer en peu de temps est un gain d&rsquo;argent. <\/p>\n\n\n\n<ul class=\"wp-block-list\">\n<li>Mise en place de solution de sauvegarde physique ou cloud.<\/li>\n\n\n\n<li>Suivi des sauvegardes \u00e0 distance via rapport journalier. <\/li>\n<\/ul>\n\n\n\n<p><strong>Cybers\u00e9curit\u00e9<\/strong><\/p>\n\n\n\n<p>La cybers\u00e9curit\u00e9 est maintenant devenue un point crucial dans la s\u00e9curit\u00e9 et le bon d\u00e9roulement de votre entreprise. <\/p>\n\n\n\n<ul class=\"wp-block-list\">\n<li>Pr\u00e9vention en cybers\u00e9curit\u00e9<\/li>\n\n\n\n<li>Mise en place de protection via des logiciels reconnus<\/li>\n<\/ul>\n\n\n\n<p><strong>Formation 365<\/strong><\/p>\n\n\n\n<p>B\u00e9n\u00e9ficiez d\u2019une formation compl\u00e8te \u00e0 l\u2019outil Microsoft 365 pur en tirer son meilleur potentiel et toute sa puissance.&nbsp;<\/p>\n\n\n\n<ul class=\"wp-block-list\">\n<li>Word<\/li>\n\n\n\n<li>Excel<\/li>\n\n\n\n<li>Powerpoint<\/li>\n\n\n\n<li>Teams<\/li>\n<\/ul>\n\n\n\n<figure class=\"wp-block-image size-large\"><img loading=\"lazy\" decoding=\"async\" width=\"1024\" height=\"682\" src=\"https:\/\/www.jqsolutions.fr\/wp-content\/uploads\/2025\/10\/networking-2652991_1280-1024x682.jpg\" alt=\"\" class=\"wp-image-65\" srcset=\"https:\/\/www.jqsolutions.fr\/wp-content\/uploads\/2025\/10\/networking-2652991_1280-1024x682.jpg 1024w, https:\/\/www.jqsolutions.fr\/wp-content\/uploads\/2025\/10\/networking-2652991_1280-300x200.jpg 300w, https:\/\/www.jqsolutions.fr\/wp-content\/uploads\/2025\/10\/networking-2652991_1280-768x512.jpg 768w, https:\/\/www.jqsolutions.fr\/wp-content\/uploads\/2025\/10\/networking-2652991_1280.jpg 1280w\" sizes=\"auto, (max-width: 1024px) 100vw, 1024px\" \/><\/figure>\n","protected":false},"excerpt":{"rendered":"<p>Conseil et Audit Informatique Nous analysons votre infrastructure existante et vous conseillons sur les meilleures solutions adapt\u00e9es \u00e0 votre entreprise pour une optimisation de vos outils informatiques. Gestion de parc informatique Nous offrons une gestion de parc informatique en temps r\u00e9el, \u00e0 l&rsquo;\u00e9coute de vos demandes et attentes. Sauvegarde Casse mat\u00e9riel ou plantage, sauvegarder vos [&hellip;]<\/p>\n","protected":false},"author":1,"featured_media":0,"parent":0,"menu_order":0,"comment_status":"closed","ping_status":"closed","template":"","meta":{"footnotes":""},"class_list":["post-19","page","type-page","status-publish","hentry"],"_links":{"self":[{"href":"https:\/\/www.jqsolutions.fr\/index.php\/wp-json\/wp\/v2\/pages\/19","targetHints":{"allow":["GET"]}}],"collection":[{"href":"https:\/\/www.jqsolutions.fr\/index.php\/wp-json\/wp\/v2\/pages"}],"about":[{"href":"https:\/\/www.jqsolutions.fr\/index.php\/wp-json\/wp\/v2\/types\/page"}],"author":[{"embeddable":true,"href":"https:\/\/www.jqsolutions.fr\/index.php\/wp-json\/wp\/v2\/users\/1"}],"replies":[{"embeddable":true,"href":"https:\/\/www.jqsolutions.fr\/index.php\/wp-json\/wp\/v2\/comments?post=19"}],"version-history":[{"count":7,"href":"https:\/\/www.jqsolutions.fr\/index.php\/wp-json\/wp\/v2\/pages\/19\/revisions"}],"predecessor-version":[{"id":69,"href":"https:\/\/www.jqsolutions.fr\/index.php\/wp-json\/wp\/v2\/pages\/19\/revisions\/69"}],"wp:attachment":[{"href":"https:\/\/www.jqsolutions.fr\/index.php\/wp-json\/wp\/v2\/media?parent=19"}],"curies":[{"name":"wp","href":"https:\/\/api.w.org\/{rel}","templated":true}]}}